{"id":19,"date":"2021-03-18T09:16:48","date_gmt":"2021-03-18T09:16:48","guid":{"rendered":"http:\/\/themepanthers.com\/wp\/lawnella\/elementor\/?page_id=19"},"modified":"2022-09-21T06:56:45","modified_gmt":"2022-09-21T06:56:45","slug":"vantagens","status":"publish","type":"page","link":"https:\/\/rsmeioambiente.com.br\/?page_id=19","title":{"rendered":"Vantagens"},"content":{"rendered":"\t\t<div data-elementor-type=\"wp-page\" data-elementor-id=\"19\" class=\"elementor elementor-19\">\n\t\t\t\t\t\t<section class=\"elementor-section elementor-top-section elementor-element elementor-element-9f34374 elementor-section-boxed elementor-section-height-default elementor-section-height-default\" data-id=\"9f34374\" data-element_type=\"section\" data-e-type=\"section\">\n\t\t\t\t\t\t<div class=\"elementor-container elementor-column-gap-default\">\n\t\t\t\t\t<div class=\"elementor-column elementor-col-66 elementor-top-column elementor-element elementor-element-715a1d0\" data-id=\"715a1d0\" data-element_type=\"column\" data-e-type=\"column\">\n\t\t\t<div class=\"elementor-widget-wrap elementor-element-populated\">\n\t\t\t\t\t\t<div class=\"elementor-element elementor-element-b605578 elementor-widget elementor-widget-lawnella-faqs-v1\" data-id=\"b605578\" data-element_type=\"widget\" data-e-type=\"widget\" data-widget_type=\"lawnella-faqs-v1.default\">\n\t\t\t\t<div class=\"elementor-widget-container\">\n\t\t\t\t\t\r\n<dl class=\"accordion faqs_accordion\">\r\n   <dt class=\"article-title\">  Adequa\u00e7\u00e3o \u00e0 legisla\u00e7\u00e3o ambiental<\/dt>\r\n   <dd class=\"accordion-content\">\r\n  A partir do momento que voc\u00ea toma a iniciativa de investir em uma consultoria ambiental \u00e9 poss\u00edvel conhecer as responsabilidades ambientais que o seu neg\u00f3cio tem para com o meio ambiente, o que permite que a sua empresa se adeque \u00e0s legisla\u00e7\u00f5es ambientais!   <\/dd>\r\n    <dt class=\"article-title\">  Seu neg\u00f3cio ser\u00e1 mais bem visto no mercado<\/dt>\r\n   <dd class=\"accordion-content\">\r\n  Uma empresa que demonstra consci\u00eancia ambiental acaba conseguindo uma s\u00e9rie de vantagens! Algumas delas s\u00e3o o acesso a financiamentos banc\u00e1rios de forma facilitada, abatimento de impostos e uma valoriza\u00e7\u00e3o consider\u00e1vel no mercado empresarial!   <\/dd>\r\n    <dt class=\"article-title\">  O empreendimento fica mais querido pelo p\u00fablico<\/dt>\r\n   <dd class=\"accordion-content\">\r\n  Quando um empreendimento est\u00e1 em dia com as suas obriga\u00e7\u00f5es ambientais ele passa mais seguran\u00e7a para o seu p\u00fablico alvo, que passa a v\u00ea-la de maneira mais positiva e interessada!   <\/dd>\r\n    <dt class=\"article-title\">  Equipe multidisciplinar<\/dt>\r\n   <dd class=\"accordion-content\">\r\n  Equipe t\u00e9cnica multidisciplinar para assessorar nas diferentes quest\u00f5es ambientais. A contrata\u00e7\u00e3o de uma consultoria ambiental especializada acaba se tornando \u201cum bra\u00e7o\u201d da sua empresa para a gest\u00e3o ambiental do seu neg\u00f3cio.   <\/dd>\r\n    <dt class=\"article-title\">  Redu\u00e7\u00e3o de custos<\/dt>\r\n   <dd class=\"accordion-content\">\r\n  Redu\u00e7\u00e3o de custos atrav\u00e9s do controle de desperd\u00edcios com mat\u00e9rias-primas e insumos.   <\/dd>\r\n    <dt class=\"article-title\">  Sua empresa abre espa\u00e7o para inova\u00e7\u00f5es<\/dt>\r\n   <dd class=\"accordion-content\">\r\n  Uma empresa quando se preocupa com o meio ambiente tem maiores chances de estar aberta a inova\u00e7\u00f5es, que ser\u00e3o ben\u00e9ficas n\u00e3o apenas para a sua empresa, mas tamb\u00e9m para os seus clientes e para os seus fornecedores!\n\nInvestir em uma consultoria ambiental \u00e9 o caminho para que voc\u00ea tenha uma empresa cada vez mais sustent\u00e1vel e respons\u00e1vel do ponto de vista socioambiental, consequentemente, cada vez mais bem-sucedida no mercado!   <\/dd>\r\n \r\n<\/dl>\r\n\r\n\t\t\t\t<\/div>\n\t\t\t\t<\/div>\n\t\t\t\t\t<\/div>\n\t\t<\/div>\n\t\t\t\t<div class=\"elementor-column elementor-col-33 elementor-top-column elementor-element elementor-element-00c8edd\" data-id=\"00c8edd\" data-element_type=\"column\" data-e-type=\"column\">\n\t\t\t<div class=\"elementor-widget-wrap elementor-element-populated\">\n\t\t\t\t\t\t<div class=\"elementor-element elementor-element-7bf337a elementor-widget elementor-widget-shortcode\" data-id=\"7bf337a\" data-element_type=\"widget\" data-e-type=\"widget\" data-widget_type=\"shortcode.default\">\n\t\t\t\t<div class=\"elementor-widget-container\">\n\t\t\t\t\t\t\t<div class=\"elementor-shortcode\">\n<div class=\"wpcf7 no-js\" id=\"wpcf7-f141-o1\" lang=\"en-US\" dir=\"ltr\" data-wpcf7-id=\"141\">\n<div class=\"screen-reader-response\"><p role=\"status\" aria-live=\"polite\" aria-atomic=\"true\"><\/p> <ul><\/ul><\/div>\n<form action=\"\/index.php?rest_route=%2Fwp%2Fv2%2Fpages%2F19#wpcf7-f141-o1\" method=\"post\" class=\"wpcf7-form init\" aria-label=\"Contact form\" novalidate=\"novalidate\" data-status=\"init\">\n<fieldset class=\"hidden-fields-container\"><input type=\"hidden\" name=\"_wpcf7\" value=\"141\" \/><input type=\"hidden\" name=\"_wpcf7_version\" value=\"6.1.5\" \/><input type=\"hidden\" name=\"_wpcf7_locale\" value=\"en_US\" \/><input type=\"hidden\" name=\"_wpcf7_unit_tag\" value=\"wpcf7-f141-o1\" \/><input type=\"hidden\" name=\"_wpcf7_container_post\" value=\"0\" \/><input type=\"hidden\" name=\"_wpcf7_posted_data_hash\" value=\"\" \/>\n<\/fieldset>\n<div class=\"any_questions\">\n\t<h2>Tem D\u00favidas?\n\t<\/h2>\n\t<div class=\"form_inner\">\n\t\t<div class=\"form-group\">\n\t\t\t<p><label> Nome Completo*<br \/>\n<span class=\"wpcf7-form-control-wrap\" data-name=\"your-name\"><input size=\"40\" maxlength=\"400\" class=\"wpcf7-form-control wpcf7-text wpcf7-validates-as-required\" aria-required=\"true\" aria-invalid=\"false\" value=\"\" type=\"text\" name=\"your-name\" \/><\/span> <\/label>\n\t\t\t<\/p>\n\t\t<\/div>\n\t\t<div class=\"form-group\">\n\t\t\t<p><label> E-mail*<br \/>\n<span class=\"wpcf7-form-control-wrap\" data-name=\"your-email\"><input size=\"40\" maxlength=\"400\" class=\"wpcf7-form-control wpcf7-email wpcf7-validates-as-required wpcf7-text wpcf7-validates-as-email\" aria-required=\"true\" aria-invalid=\"false\" value=\"\" type=\"email\" name=\"your-email\" \/><\/span> <\/label>\n\t\t\t<\/p>\n\t\t<\/div>\n\t\t<div class=\"form-group\">\n\t\t\t<p><label> Suas D\u00favidas*<br \/>\n<span class=\"wpcf7-form-control-wrap\" data-name=\"your-message\"><textarea cols=\"40\" rows=\"10\" maxlength=\"2000\" class=\"wpcf7-form-control wpcf7-textarea\" aria-invalid=\"false\" name=\"your-message\"><\/textarea><\/span> <\/label>\n\t\t\t<\/p>\n\t\t<\/div>\n\t\t<div class=\"form-group\">\n\t\t\t<p><input class=\"wpcf7-form-control wpcf7-submit has-spinner theme_btn\" type=\"submit\" value=\"Emviar\" \/>\n\t\t\t<\/p>\n\t\t<\/div>\n\t<\/div>\n<\/div><div class=\"wpcf7-response-output\" aria-hidden=\"true\"><\/div>\n<\/form>\n<\/div>\n<\/div>\n\t\t\t\t\t\t<\/div>\n\t\t\t\t<\/div>\n\t\t\t\t\t<\/div>\n\t\t<\/div>\n\t\t\t\t\t<\/div>\n\t\t<\/section>\n\t\t\t\t<\/div>\n\t\t","protected":false},"excerpt":{"rendered":"<p>Adequa\u00e7\u00e3o \u00e0 legisla\u00e7\u00e3o ambiental A partir do momento que voc\u00ea toma a iniciativa de investir em uma consultoria ambiental \u00e9 poss\u00edvel conhecer as responsabilidades ambientais que o seu neg\u00f3cio tem&hellip;<\/p>\n","protected":false},"author":1,"featured_media":0,"parent":0,"menu_order":0,"comment_status":"closed","ping_status":"closed","template":"template-fullwidth.php","meta":{"footnotes":""},"class_list":["post-19","page","type-page","status-publish","hentry"],"_links":{"self":[{"href":"https:\/\/rsmeioambiente.com.br\/index.php?rest_route=\/wp\/v2\/pages\/19","targetHints":{"allow":["GET"]}}],"collection":[{"href":"https:\/\/rsmeioambiente.com.br\/index.php?rest_route=\/wp\/v2\/pages"}],"about":[{"href":"https:\/\/rsmeioambiente.com.br\/index.php?rest_route=\/wp\/v2\/types\/page"}],"author":[{"embeddable":true,"href":"https:\/\/rsmeioambiente.com.br\/index.php?rest_route=\/wp\/v2\/users\/1"}],"replies":[{"embeddable":true,"href":"https:\/\/rsmeioambiente.com.br\/index.php?rest_route=%2Fwp%2Fv2%2Fcomments&post=19"}],"version-history":[{"count":4,"href":"https:\/\/rsmeioambiente.com.br\/index.php?rest_route=\/wp\/v2\/pages\/19\/revisions"}],"predecessor-version":[{"id":3088,"href":"https:\/\/rsmeioambiente.com.br\/index.php?rest_route=\/wp\/v2\/pages\/19\/revisions\/3088"}],"wp:attachment":[{"href":"https:\/\/rsmeioambiente.com.br\/index.php?rest_route=%2Fwp%2Fv2%2Fmedia&parent=19"}],"curies":[{"name":"wp","href":"https:\/\/api.w.org\/{rel}","templated":true}]}}