{"id":47,"date":"2021-03-18T09:19:07","date_gmt":"2021-03-18T09:19:07","guid":{"rendered":"http:\/\/themepanthers.com\/wp\/lawnella\/elementor\/?page_id=47"},"modified":"2022-09-25T15:07:00","modified_gmt":"2022-09-25T15:07:00","slug":"atuacao","status":"publish","type":"page","link":"https:\/\/rsmeioambiente.com.br\/?page_id=47","title":{"rendered":"Atua\u00e7\u00e3o"},"content":{"rendered":"\t\t<div data-elementor-type=\"wp-page\" data-elementor-id=\"47\" class=\"elementor elementor-47\">\n\t\t\t\t\t\t<section class=\"elementor-section elementor-top-section elementor-element elementor-element-c65f7a5 elementor-section-boxed elementor-section-height-default elementor-section-height-default\" data-id=\"c65f7a5\" data-element_type=\"section\" data-e-type=\"section\" data-settings=\"{&quot;background_background&quot;:&quot;classic&quot;}\">\n\t\t\t\t\t\t<div class=\"elementor-container elementor-column-gap-no\">\n\t\t\t\t\t<div class=\"elementor-column elementor-col-100 elementor-top-column elementor-element elementor-element-0d230c8\" data-id=\"0d230c8\" data-element_type=\"column\" data-e-type=\"column\">\n\t\t\t<div class=\"elementor-widget-wrap elementor-element-populated\">\n\t\t\t\t\t\t<div class=\"elementor-element elementor-element-d049ae3 elementor-widget elementor-widget-lawnella-title-v1\" data-id=\"d049ae3\" data-element_type=\"widget\" data-e-type=\"widget\" data-widget_type=\"lawnella-title-v1.default\">\n\t\t\t\t<div class=\"elementor-widget-container\">\n\t\t\t\t\t\r\n\r\n\r\n<div class=\"title_all_box  style_two\" >\r\n\r\n    <div class=\"section-title\">\r\n   <div class=\"row\">\r\n      <div class=\"col-lg-6 col-md-12\">\r\n         <div class=\"heading head_type_two\">\r\n            \r\n            <h2 class=\"title_main\">\r\n            Conhe\u00e7a nossos servi\u00e7os de\n            <\/h2>\r\n               \r\n                \r\n            <h1 class=\"title_sub\">Consultoria Ambiental de Restaura\u00e7\u00e3o Florestal<\/h1>\r\n              \r\n                 \r\n            <span class=\"iconmoo icon-leaves-2 title_icon_two\"><\/span>\r\n                \r\n         <\/div>\r\n      <\/div>\r\n         \r\n      <div class=\"col-lg-6 col-md-12 col-sm-12\">\r\n         <div class=\"title right_content\">\r\n            <p>A consultoria ambiental RS Meio Ambiente, em opera\u00e7\u00e3o desde 2008, com sede em Sete Lagoas, e com atua\u00e7\u00e3o em Minas Gerais e no Rio Grande do Sul, \u00e9 especializada no plantio e manuten\u00e7\u00e3o de mudas nativas. <\/p>\r\n         <\/div>\r\n      <\/div>\r\n          \r\n   <\/div>\r\n<\/div>\r\n\r\n\r\n                     \r\n           \r\n                        \r\n                      \r\n        <\/div>\r\n\r\n\t\t\t\t<\/div>\n\t\t\t\t<\/div>\n\t\t\t\t<div class=\"elementor-element elementor-element-46309d3 elementor-widget-divider--view-line elementor-widget elementor-widget-divider\" data-id=\"46309d3\" data-element_type=\"widget\" data-e-type=\"widget\" data-widget_type=\"divider.default\">\n\t\t\t\t<div class=\"elementor-widget-container\">\n\t\t\t\t\t\t\t<div class=\"elementor-divider\">\n\t\t\t<span class=\"elementor-divider-separator\">\n\t\t\t\t\t\t<\/span>\n\t\t<\/div>\n\t\t\t\t\t\t<\/div>\n\t\t\t\t<\/div>\n\t\t\t\t\t<\/div>\n\t\t<\/div>\n\t\t\t\t\t<\/div>\n\t\t<\/section>\n\t\t\t\t<section class=\"elementor-section elementor-top-section elementor-element elementor-element-30d4c6c elementor-section-boxed elementor-section-height-default elementor-section-height-default\" data-id=\"30d4c6c\" data-element_type=\"section\" data-e-type=\"section\">\n\t\t\t\t\t\t<div class=\"elementor-container elementor-column-gap-default\">\n\t\t\t\t\t<div class=\"elementor-column elementor-col-100 elementor-top-column elementor-element elementor-element-6fb6875\" data-id=\"6fb6875\" data-element_type=\"column\" data-e-type=\"column\">\n\t\t\t<div class=\"elementor-widget-wrap elementor-element-populated\">\n\t\t\t\t\t\t<section class=\"elementor-section elementor-inner-section elementor-element elementor-element-4226215 elementor-section-boxed elementor-section-height-default elementor-section-height-default\" data-id=\"4226215\" data-element_type=\"section\" data-e-type=\"section\">\n\t\t\t\t\t\t<div class=\"elementor-container elementor-column-gap-default\">\n\t\t\t\t\t<div class=\"elementor-column elementor-col-33 elementor-inner-column elementor-element elementor-element-5df1e93\" data-id=\"5df1e93\" data-element_type=\"column\" data-e-type=\"column\">\n\t\t\t<div class=\"elementor-widget-wrap elementor-element-populated\">\n\t\t\t\t\t\t<div class=\"elementor-element elementor-element-a5755b3 elementor-widget elementor-widget-image\" data-id=\"a5755b3\" data-element_type=\"widget\" data-e-type=\"widget\" data-widget_type=\"image.default\">\n\t\t\t\t<div class=\"elementor-widget-container\">\n\t\t\t\t\t\t\t\t\t\t\t\t\t\t\t<img fetchpriority=\"high\" decoding=\"async\" width=\"460\" height=\"350\" src=\"https:\/\/rsmeioambiente.com.br\/wp-content\/uploads\/2022\/09\/rs_atuacao_projetos.jpg\" class=\"attachment-large size-large wp-image-2988\" alt=\"\" srcset=\"https:\/\/rsmeioambiente.com.br\/wp-content\/uploads\/2022\/09\/rs_atuacao_projetos.jpg 460w, https:\/\/rsmeioambiente.com.br\/wp-content\/uploads\/2022\/09\/rs_atuacao_projetos-300x228.jpg 300w\" sizes=\"(max-width: 460px) 100vw, 460px\" \/>\t\t\t\t\t\t\t\t\t\t\t\t\t\t\t<\/div>\n\t\t\t\t<\/div>\n\t\t\t\t\t<\/div>\n\t\t<\/div>\n\t\t\t\t<div class=\"elementor-column elementor-col-33 elementor-inner-column elementor-element elementor-element-c99ee77\" data-id=\"c99ee77\" data-element_type=\"column\" data-e-type=\"column\">\n\t\t\t<div class=\"elementor-widget-wrap elementor-element-populated\">\n\t\t\t\t\t\t<div class=\"elementor-element elementor-element-f807819 elementor-widget elementor-widget-image\" data-id=\"f807819\" data-element_type=\"widget\" data-e-type=\"widget\" data-widget_type=\"image.default\">\n\t\t\t\t<div class=\"elementor-widget-container\">\n\t\t\t\t\t\t\t\t\t\t\t\t\t\t\t<img decoding=\"async\" width=\"460\" height=\"350\" src=\"https:\/\/rsmeioambiente.com.br\/wp-content\/uploads\/2022\/09\/rs_atuacao_supressao.jpg\" class=\"attachment-large size-large wp-image-3000\" alt=\"\" srcset=\"https:\/\/rsmeioambiente.com.br\/wp-content\/uploads\/2022\/09\/rs_atuacao_supressao.jpg 460w, https:\/\/rsmeioambiente.com.br\/wp-content\/uploads\/2022\/09\/rs_atuacao_supressao-300x228.jpg 300w\" sizes=\"(max-width: 460px) 100vw, 460px\" \/>\t\t\t\t\t\t\t\t\t\t\t\t\t\t\t<\/div>\n\t\t\t\t<\/div>\n\t\t\t\t\t<\/div>\n\t\t<\/div>\n\t\t\t\t<div class=\"elementor-column elementor-col-33 elementor-inner-column elementor-element elementor-element-455aee2\" data-id=\"455aee2\" data-element_type=\"column\" data-e-type=\"column\">\n\t\t\t<div class=\"elementor-widget-wrap elementor-element-populated\">\n\t\t\t\t\t\t<div class=\"elementor-element elementor-element-150cff4 elementor-widget elementor-widget-image\" data-id=\"150cff4\" data-element_type=\"widget\" data-e-type=\"widget\" data-widget_type=\"image.default\">\n\t\t\t\t<div class=\"elementor-widget-container\">\n\t\t\t\t\t\t\t\t\t\t\t\t\t\t\t<img decoding=\"async\" width=\"460\" height=\"350\" src=\"https:\/\/rsmeioambiente.com.br\/wp-content\/uploads\/2022\/09\/rs_atuacao_mudas_nativas.jpg\" class=\"attachment-large size-large wp-image-3002\" alt=\"\" srcset=\"https:\/\/rsmeioambiente.com.br\/wp-content\/uploads\/2022\/09\/rs_atuacao_mudas_nativas.jpg 460w, https:\/\/rsmeioambiente.com.br\/wp-content\/uploads\/2022\/09\/rs_atuacao_mudas_nativas-300x228.jpg 300w\" sizes=\"(max-width: 460px) 100vw, 460px\" \/>\t\t\t\t\t\t\t\t\t\t\t\t\t\t\t<\/div>\n\t\t\t\t<\/div>\n\t\t\t\t\t<\/div>\n\t\t<\/div>\n\t\t\t\t\t<\/div>\n\t\t<\/section>\n\t\t\t\t<section class=\"elementor-section elementor-inner-section elementor-element elementor-element-3a02da6 elementor-section-boxed elementor-section-height-default elementor-section-height-default\" data-id=\"3a02da6\" data-element_type=\"section\" data-e-type=\"section\">\n\t\t\t\t\t\t<div class=\"elementor-container elementor-column-gap-default\">\n\t\t\t\t\t<div class=\"elementor-column elementor-col-33 elementor-inner-column elementor-element elementor-element-7a933db\" data-id=\"7a933db\" data-element_type=\"column\" data-e-type=\"column\">\n\t\t\t<div class=\"elementor-widget-wrap elementor-element-populated\">\n\t\t\t\t\t\t<div class=\"elementor-element elementor-element-9f007bb elementor-widget elementor-widget-text-editor\" data-id=\"9f007bb\" data-element_type=\"widget\" data-e-type=\"widget\" data-widget_type=\"text-editor.default\">\n\t\t\t\t<div class=\"elementor-widget-container\">\n\t\t\t\t\t\t\t\t\t<h4><strong>Projetos<\/strong><\/h4>\t\t\t\t\t\t\t\t<\/div>\n\t\t\t\t<\/div>\n\t\t\t\t\t<\/div>\n\t\t<\/div>\n\t\t\t\t<div class=\"elementor-column elementor-col-33 elementor-inner-column elementor-element elementor-element-e064340\" data-id=\"e064340\" data-element_type=\"column\" data-e-type=\"column\">\n\t\t\t<div class=\"elementor-widget-wrap elementor-element-populated\">\n\t\t\t\t\t\t<div class=\"elementor-element elementor-element-922d05d elementor-widget elementor-widget-text-editor\" data-id=\"922d05d\" data-element_type=\"widget\" data-e-type=\"widget\" data-widget_type=\"text-editor.default\">\n\t\t\t\t<div class=\"elementor-widget-container\">\n\t\t\t\t\t\t\t\t\t<h4><strong>Supress\u00e3o<\/strong><\/h4>\t\t\t\t\t\t\t\t<\/div>\n\t\t\t\t<\/div>\n\t\t\t\t\t<\/div>\n\t\t<\/div>\n\t\t\t\t<div class=\"elementor-column elementor-col-33 elementor-inner-column elementor-element elementor-element-ec0be93\" data-id=\"ec0be93\" data-element_type=\"column\" data-e-type=\"column\">\n\t\t\t<div class=\"elementor-widget-wrap elementor-element-populated\">\n\t\t\t\t\t\t<div class=\"elementor-element elementor-element-c192497 elementor-widget elementor-widget-text-editor\" data-id=\"c192497\" data-element_type=\"widget\" data-e-type=\"widget\" data-widget_type=\"text-editor.default\">\n\t\t\t\t<div class=\"elementor-widget-container\">\n\t\t\t\t\t\t\t\t\t<h4><strong>Mudas Nativas<\/strong><\/h4>\t\t\t\t\t\t\t\t<\/div>\n\t\t\t\t<\/div>\n\t\t\t\t\t<\/div>\n\t\t<\/div>\n\t\t\t\t\t<\/div>\n\t\t<\/section>\n\t\t\t\t<section class=\"elementor-section elementor-inner-section elementor-element elementor-element-4bead68 elementor-section-boxed elementor-section-height-default elementor-section-height-default\" data-id=\"4bead68\" data-element_type=\"section\" data-e-type=\"section\">\n\t\t\t\t\t\t<div class=\"elementor-container elementor-column-gap-default\">\n\t\t\t\t\t<div class=\"elementor-column elementor-col-33 elementor-inner-column elementor-element elementor-element-4654a50\" data-id=\"4654a50\" data-element_type=\"column\" data-e-type=\"column\">\n\t\t\t<div class=\"elementor-widget-wrap elementor-element-populated\">\n\t\t\t\t\t\t<div class=\"elementor-element elementor-element-9863112 elementor-widget elementor-widget-text-editor\" data-id=\"9863112\" data-element_type=\"widget\" data-e-type=\"widget\" data-widget_type=\"text-editor.default\">\n\t\t\t\t<div class=\"elementor-widget-container\">\n\t\t\t\t\t\t\t\t\t<p>Elabora\u00e7\u00e3o de PTRF (Plantio T\u00e9cnico de Reconstitui\u00e7\u00e3o da Flora); PRAD (Plano de Recupera\u00e7\u00e3o de \u00c1reas Degradadas); Restaura\u00e7\u00e3o de APP (\u00c1rea de Preserva\u00e7\u00e3o Permanente) e Reserva Legal; Arboriza\u00e7\u00e3o Urbana; Loteamentos e demais \u00e1reas verdes.<\/p>\t\t\t\t\t\t\t\t<\/div>\n\t\t\t\t<\/div>\n\t\t\t\t\t<\/div>\n\t\t<\/div>\n\t\t\t\t<div class=\"elementor-column elementor-col-33 elementor-inner-column elementor-element elementor-element-4c46f52\" data-id=\"4c46f52\" data-element_type=\"column\" data-e-type=\"column\">\n\t\t\t<div class=\"elementor-widget-wrap elementor-element-populated\">\n\t\t\t\t\t\t<div class=\"elementor-element elementor-element-7e42995 elementor-widget elementor-widget-text-editor\" data-id=\"7e42995\" data-element_type=\"widget\" data-e-type=\"widget\" data-widget_type=\"text-editor.default\">\n\t\t\t\t<div class=\"elementor-widget-container\">\n\t\t\t\t\t\t\t\t\t<p>Possu\u00edmos equipe especializada com treinamento em supress\u00e3o vegetal e destoca. Equipamentos<br \/>com registros nos \u00f3rg\u00e3os competentes. Implanta\u00e7\u00e3o de cercas.<\/p>\t\t\t\t\t\t\t\t<\/div>\n\t\t\t\t<\/div>\n\t\t\t\t\t<\/div>\n\t\t<\/div>\n\t\t\t\t<div class=\"elementor-column elementor-col-33 elementor-inner-column elementor-element elementor-element-1459844\" data-id=\"1459844\" data-element_type=\"column\" data-e-type=\"column\">\n\t\t\t<div class=\"elementor-widget-wrap elementor-element-populated\">\n\t\t\t\t\t\t<div class=\"elementor-element elementor-element-05e13ad elementor-widget elementor-widget-text-editor\" data-id=\"05e13ad\" data-element_type=\"widget\" data-e-type=\"widget\" data-widget_type=\"text-editor.default\">\n\t\t\t\t<div class=\"elementor-widget-container\">\n\t\t\t\t\t\t\t\t\t<p>Realizamos o fornecimento das mudas em parceria com viveiros florestais, garantindo sempre a qualidade fitossanit\u00e1ria das esp\u00e9cies, indo a campo bem formadas e com sistema radicular bem desenvolvido.<\/p>\t\t\t\t\t\t\t\t<\/div>\n\t\t\t\t<\/div>\n\t\t\t\t\t<\/div>\n\t\t<\/div>\n\t\t\t\t\t<\/div>\n\t\t<\/section>\n\t\t\t\t<section class=\"elementor-section elementor-inner-section elementor-element elementor-element-43ac0ae elementor-section-boxed elementor-section-height-default elementor-section-height-default\" data-id=\"43ac0ae\" data-element_type=\"section\" data-e-type=\"section\">\n\t\t\t\t\t\t<div class=\"elementor-container elementor-column-gap-default\">\n\t\t\t\t\t<div class=\"elementor-column elementor-col-33 elementor-inner-column elementor-element elementor-element-7d9fb64\" data-id=\"7d9fb64\" data-element_type=\"column\" data-e-type=\"column\">\n\t\t\t<div class=\"elementor-widget-wrap elementor-element-populated\">\n\t\t\t\t\t\t<div class=\"elementor-element elementor-element-24d3503 elementor-widget elementor-widget-image\" data-id=\"24d3503\" data-element_type=\"widget\" data-e-type=\"widget\" data-widget_type=\"image.default\">\n\t\t\t\t<div class=\"elementor-widget-container\">\n\t\t\t\t\t\t\t\t\t\t\t\t\t\t\t<img loading=\"lazy\" decoding=\"async\" width=\"460\" height=\"350\" src=\"https:\/\/rsmeioambiente.com.br\/wp-content\/uploads\/2022\/09\/rs_atuacao_licenciamento.jpg\" class=\"attachment-large size-large wp-image-3004\" alt=\"\" srcset=\"https:\/\/rsmeioambiente.com.br\/wp-content\/uploads\/2022\/09\/rs_atuacao_licenciamento.jpg 460w, https:\/\/rsmeioambiente.com.br\/wp-content\/uploads\/2022\/09\/rs_atuacao_licenciamento-300x228.jpg 300w\" sizes=\"(max-width: 460px) 100vw, 460px\" \/>\t\t\t\t\t\t\t\t\t\t\t\t\t\t\t<\/div>\n\t\t\t\t<\/div>\n\t\t\t\t\t<\/div>\n\t\t<\/div>\n\t\t\t\t<div class=\"elementor-column elementor-col-33 elementor-inner-column elementor-element elementor-element-1204109\" data-id=\"1204109\" data-element_type=\"column\" data-e-type=\"column\">\n\t\t\t<div class=\"elementor-widget-wrap elementor-element-populated\">\n\t\t\t\t\t\t<div class=\"elementor-element elementor-element-bb1b031 elementor-widget elementor-widget-image\" data-id=\"bb1b031\" data-element_type=\"widget\" data-e-type=\"widget\" data-widget_type=\"image.default\">\n\t\t\t\t<div class=\"elementor-widget-container\">\n\t\t\t\t\t\t\t\t\t\t\t\t\t\t\t<img loading=\"lazy\" decoding=\"async\" width=\"460\" height=\"350\" src=\"https:\/\/rsmeioambiente.com.br\/wp-content\/uploads\/2022\/09\/rs_atuacao_monitoramento.jpg\" class=\"attachment-large size-large wp-image-3018\" alt=\"\" srcset=\"https:\/\/rsmeioambiente.com.br\/wp-content\/uploads\/2022\/09\/rs_atuacao_monitoramento.jpg 460w, https:\/\/rsmeioambiente.com.br\/wp-content\/uploads\/2022\/09\/rs_atuacao_monitoramento-300x228.jpg 300w\" sizes=\"(max-width: 460px) 100vw, 460px\" \/>\t\t\t\t\t\t\t\t\t\t\t\t\t\t\t<\/div>\n\t\t\t\t<\/div>\n\t\t\t\t\t<\/div>\n\t\t<\/div>\n\t\t\t\t<div class=\"elementor-column elementor-col-33 elementor-inner-column elementor-element elementor-element-cd902ec\" data-id=\"cd902ec\" data-element_type=\"column\" data-e-type=\"column\">\n\t\t\t<div class=\"elementor-widget-wrap elementor-element-populated\">\n\t\t\t\t\t\t<div class=\"elementor-element elementor-element-dc424b5 elementor-widget elementor-widget-image\" data-id=\"dc424b5\" data-element_type=\"widget\" data-e-type=\"widget\" data-widget_type=\"image.default\">\n\t\t\t\t<div class=\"elementor-widget-container\">\n\t\t\t\t\t\t\t\t\t\t\t\t\t\t\t<img loading=\"lazy\" decoding=\"async\" width=\"460\" height=\"350\" src=\"https:\/\/rsmeioambiente.com.br\/wp-content\/uploads\/2022\/09\/rs_atuacao_paisagismo.jpg\" class=\"attachment-large size-large wp-image-3020\" alt=\"\" srcset=\"https:\/\/rsmeioambiente.com.br\/wp-content\/uploads\/2022\/09\/rs_atuacao_paisagismo.jpg 460w, https:\/\/rsmeioambiente.com.br\/wp-content\/uploads\/2022\/09\/rs_atuacao_paisagismo-300x228.jpg 300w\" sizes=\"(max-width: 460px) 100vw, 460px\" \/>\t\t\t\t\t\t\t\t\t\t\t\t\t\t\t<\/div>\n\t\t\t\t<\/div>\n\t\t\t\t\t<\/div>\n\t\t<\/div>\n\t\t\t\t\t<\/div>\n\t\t<\/section>\n\t\t\t\t<section class=\"elementor-section elementor-inner-section elementor-element elementor-element-f1d909f elementor-section-boxed elementor-section-height-default elementor-section-height-default\" data-id=\"f1d909f\" data-element_type=\"section\" data-e-type=\"section\">\n\t\t\t\t\t\t<div class=\"elementor-container elementor-column-gap-default\">\n\t\t\t\t\t<div class=\"elementor-column elementor-col-33 elementor-inner-column elementor-element elementor-element-2c7f0f3\" data-id=\"2c7f0f3\" data-element_type=\"column\" data-e-type=\"column\">\n\t\t\t<div class=\"elementor-widget-wrap elementor-element-populated\">\n\t\t\t\t\t\t<div class=\"elementor-element elementor-element-0ad357a elementor-widget elementor-widget-text-editor\" data-id=\"0ad357a\" data-element_type=\"widget\" data-e-type=\"widget\" data-widget_type=\"text-editor.default\">\n\t\t\t\t<div class=\"elementor-widget-container\">\n\t\t\t\t\t\t\t\t\t<h4><strong>Licenciamento<\/strong><\/h4>\t\t\t\t\t\t\t\t<\/div>\n\t\t\t\t<\/div>\n\t\t\t\t\t<\/div>\n\t\t<\/div>\n\t\t\t\t<div class=\"elementor-column elementor-col-33 elementor-inner-column elementor-element elementor-element-c6b81a2\" data-id=\"c6b81a2\" data-element_type=\"column\" data-e-type=\"column\">\n\t\t\t<div class=\"elementor-widget-wrap elementor-element-populated\">\n\t\t\t\t\t\t<div class=\"elementor-element elementor-element-3c2be29 elementor-widget elementor-widget-text-editor\" data-id=\"3c2be29\" data-element_type=\"widget\" data-e-type=\"widget\" data-widget_type=\"text-editor.default\">\n\t\t\t\t<div class=\"elementor-widget-container\">\n\t\t\t\t\t\t\t\t\t<h4><strong>Monitoramento<\/strong><\/h4>\t\t\t\t\t\t\t\t<\/div>\n\t\t\t\t<\/div>\n\t\t\t\t\t<\/div>\n\t\t<\/div>\n\t\t\t\t<div class=\"elementor-column elementor-col-33 elementor-inner-column elementor-element elementor-element-ab86f4a\" data-id=\"ab86f4a\" data-element_type=\"column\" data-e-type=\"column\">\n\t\t\t<div class=\"elementor-widget-wrap elementor-element-populated\">\n\t\t\t\t\t\t<div class=\"elementor-element elementor-element-63d333e elementor-widget elementor-widget-text-editor\" data-id=\"63d333e\" data-element_type=\"widget\" data-e-type=\"widget\" data-widget_type=\"text-editor.default\">\n\t\t\t\t<div class=\"elementor-widget-container\">\n\t\t\t\t\t\t\t\t\t<h4><strong>Paisagismo e Gramados<\/strong><\/h4>\t\t\t\t\t\t\t\t<\/div>\n\t\t\t\t<\/div>\n\t\t\t\t\t<\/div>\n\t\t<\/div>\n\t\t\t\t\t<\/div>\n\t\t<\/section>\n\t\t\t\t<section class=\"elementor-section elementor-inner-section elementor-element elementor-element-b607886 elementor-section-boxed elementor-section-height-default elementor-section-height-default\" data-id=\"b607886\" data-element_type=\"section\" data-e-type=\"section\">\n\t\t\t\t\t\t<div class=\"elementor-container elementor-column-gap-default\">\n\t\t\t\t\t<div class=\"elementor-column elementor-col-33 elementor-inner-column elementor-element elementor-element-319b419\" data-id=\"319b419\" data-element_type=\"column\" data-e-type=\"column\">\n\t\t\t<div class=\"elementor-widget-wrap elementor-element-populated\">\n\t\t\t\t\t\t<div class=\"elementor-element elementor-element-d5207fd elementor-widget elementor-widget-text-editor\" data-id=\"d5207fd\" data-element_type=\"widget\" data-e-type=\"widget\" data-widget_type=\"text-editor.default\">\n\t\t\t\t<div class=\"elementor-widget-container\">\n\t\t\t\t\t\t\t\t\t<p>Atendemos todas as etapas do\u00a0 seu licenciamento ou cumprimento de termos ambientais, observando as especifica\u00e7\u00f5es t\u00e9cnicas de an\u00e1lise de solo, prepara\u00e7\u00e3o do terreno, abertura de covas, coroamento, combate a formigas, aduba\u00e7\u00e3o org\u00e2nica e qu\u00edmica e tutoramento.<\/p>\t\t\t\t\t\t\t\t<\/div>\n\t\t\t\t<\/div>\n\t\t\t\t\t<\/div>\n\t\t<\/div>\n\t\t\t\t<div class=\"elementor-column elementor-col-33 elementor-inner-column elementor-element elementor-element-4865f79\" data-id=\"4865f79\" data-element_type=\"column\" data-e-type=\"column\">\n\t\t\t<div class=\"elementor-widget-wrap elementor-element-populated\">\n\t\t\t\t\t\t<div class=\"elementor-element elementor-element-6e0b09e elementor-widget elementor-widget-text-editor\" data-id=\"6e0b09e\" data-element_type=\"widget\" data-e-type=\"widget\" data-widget_type=\"text-editor.default\">\n\t\t\t\t<div class=\"elementor-widget-container\">\n\t\t\t\t\t\t\t\t\t<p>Em conjunto com o cliente, definimos um cronograma de manuten\u00e7\u00e3o que seja adequado ao desenvolvimento do projeto, levando em considera\u00e7\u00e3o a rela\u00e7\u00e3o entre custo e benef\u00edcio. A manuten\u00e7\u00e3o \u00e9 baseada em um monitoramento, que consiste na aplica\u00e7\u00e3o e acompanhamento de indicadores, visando verificar se as metas e objetivos de cada etapa est\u00e3o sendo atingidos, destacando a necessidade das a\u00e7\u00f5es de manuten\u00e7\u00e3o.<\/p>\t\t\t\t\t\t\t\t<\/div>\n\t\t\t\t<\/div>\n\t\t\t\t\t<\/div>\n\t\t<\/div>\n\t\t\t\t<div class=\"elementor-column elementor-col-33 elementor-inner-column elementor-element elementor-element-7a6c240\" data-id=\"7a6c240\" data-element_type=\"column\" data-e-type=\"column\">\n\t\t\t<div class=\"elementor-widget-wrap elementor-element-populated\">\n\t\t\t\t\t\t<div class=\"elementor-element elementor-element-758188c elementor-widget elementor-widget-text-editor\" data-id=\"758188c\" data-element_type=\"widget\" data-e-type=\"widget\" data-widget_type=\"text-editor.default\">\n\t\t\t\t<div class=\"elementor-widget-container\">\n\t\t\t\t\t\t\t\t\t<p>Implanta\u00e7\u00e3o e manuten\u00e7\u00e3o de gramados e paisagismo em condom\u00ednios, \u00e1reas urbanas, empresas e ind\u00fastrias.<\/p>\t\t\t\t\t\t\t\t<\/div>\n\t\t\t\t<\/div>\n\t\t\t\t\t<\/div>\n\t\t<\/div>\n\t\t\t\t\t<\/div>\n\t\t<\/section>\n\t\t\t\t\t<\/div>\n\t\t<\/div>\n\t\t\t\t\t<\/div>\n\t\t<\/section>\n\t\t\t\t<section class=\"elementor-section elementor-top-section elementor-element elementor-element-34e32db elementor-section-boxed elementor-section-height-default elementor-section-height-default\" data-id=\"34e32db\" data-element_type=\"section\" data-e-type=\"section\" data-settings=\"{&quot;background_background&quot;:&quot;classic&quot;}\">\n\t\t\t\t\t\t<div class=\"elementor-container elementor-column-gap-no\">\n\t\t\t\t\t<div class=\"elementor-column elementor-col-100 elementor-top-column elementor-element elementor-element-18b5ef4\" data-id=\"18b5ef4\" data-element_type=\"column\" data-e-type=\"column\">\n\t\t\t<div class=\"elementor-widget-wrap elementor-element-populated\">\n\t\t\t\t\t\t<div class=\"elementor-element elementor-element-edf40bb elementor-widget elementor-widget-lawnella-opinion-v1\" data-id=\"edf40bb\" data-element_type=\"widget\" data-e-type=\"widget\" data-widget_type=\"lawnella-opinion-v1.default\">\n\t\t\t\t<div class=\"elementor-widget-container\">\n\t\t\t\t\t\r\n<div class=\"better_opinion elementor_opinion opinion_type_one\">\r\n   <div class=\"inner_content clearfix\">\r\n      <div class=\"left_side \">\r\n               <span class=\"icon iconmoo icon-tree\"><\/span>\r\n                     <h2>Precisa de solu\u00e7\u00e3o no \u00e2mbito ambiental?<\/h2>\r\n      <\/div>\r\n                  <div class=\"right_side\">\r\n         <a href=\"https:\/\/rsmeioambiente.com.br\/contato\/\" class=\"big theme_btn\">Fale Conosco <\/a>\r\n      <\/div>\r\n         <\/div>\r\n<\/div>\r\n\t\t\t\t<\/div>\n\t\t\t\t<\/div>\n\t\t\t\t\t<\/div>\n\t\t<\/div>\n\t\t\t\t\t<\/div>\n\t\t<\/section>\n\t\t\t\t<\/div>\n\t\t","protected":false},"excerpt":{"rendered":"<p>Conhe\u00e7a nossos servi\u00e7os de Consultoria Ambiental de Restaura\u00e7\u00e3o Florestal A consultoria ambiental RS Meio Ambiente, em opera\u00e7\u00e3o desde 2008, com sede em Sete Lagoas, e com atua\u00e7\u00e3o em Minas Gerais&hellip;<\/p>\n","protected":false},"author":1,"featured_media":0,"parent":0,"menu_order":0,"comment_status":"closed","ping_status":"closed","template":"template-fullwidth.php","meta":{"footnotes":""},"class_list":["post-47","page","type-page","status-publish","hentry"],"_links":{"self":[{"href":"https:\/\/rsmeioambiente.com.br\/index.php?rest_route=\/wp\/v2\/pages\/47","targetHints":{"allow":["GET"]}}],"collection":[{"href":"https:\/\/rsmeioambiente.com.br\/index.php?rest_route=\/wp\/v2\/pages"}],"about":[{"href":"https:\/\/rsmeioambiente.com.br\/index.php?rest_route=\/wp\/v2\/types\/page"}],"author":[{"embeddable":true,"href":"https:\/\/rsmeioambiente.com.br\/index.php?rest_route=\/wp\/v2\/users\/1"}],"replies":[{"embeddable":true,"href":"https:\/\/rsmeioambiente.com.br\/index.php?rest_route=%2Fwp%2Fv2%2Fcomments&post=47"}],"version-history":[{"count":99,"href":"https:\/\/rsmeioambiente.com.br\/index.php?rest_route=\/wp\/v2\/pages\/47\/revisions"}],"predecessor-version":[{"id":3336,"href":"https:\/\/rsmeioambiente.com.br\/index.php?rest_route=\/wp\/v2\/pages\/47\/revisions\/3336"}],"wp:attachment":[{"href":"https:\/\/rsmeioambiente.com.br\/index.php?rest_route=%2Fwp%2Fv2%2Fmedia&parent=47"}],"curies":[{"name":"wp","href":"https:\/\/api.w.org\/{rel}","templated":true}]}}