{"id":98,"date":"2021-03-18T09:36:01","date_gmt":"2021-03-18T09:36:01","guid":{"rendered":"http:\/\/themepanthers.com\/wp\/lawnella\/elementor\/?page_id=98"},"modified":"2022-09-26T11:28:37","modified_gmt":"2022-09-26T11:28:37","slug":"contato","status":"publish","type":"page","link":"https:\/\/rsmeioambiente.com.br\/?page_id=98","title":{"rendered":"Contato"},"content":{"rendered":"\t\t<div data-elementor-type=\"wp-page\" data-elementor-id=\"98\" class=\"elementor elementor-98\">\n\t\t\t\t\t\t<section class=\"elementor-section elementor-top-section elementor-element elementor-element-602316b elementor-section-boxed elementor-section-height-default elementor-section-height-default\" data-id=\"602316b\" data-element_type=\"section\" data-e-type=\"section\">\n\t\t\t\t\t\t<div class=\"elementor-container elementor-column-gap-default\">\n\t\t\t\t\t<div class=\"elementor-column elementor-col-100 elementor-top-column elementor-element elementor-element-5ecc3b6\" data-id=\"5ecc3b6\" data-element_type=\"column\" data-e-type=\"column\">\n\t\t\t<div class=\"elementor-widget-wrap elementor-element-populated\">\n\t\t\t\t\t\t<div class=\"elementor-element elementor-element-68c286f elementor-widget elementor-widget-lawnella-features-v2\" data-id=\"68c286f\" data-element_type=\"widget\" data-e-type=\"widget\" data-widget_type=\"lawnella-features-v2.default\">\n\t\t\t\t<div class=\"elementor-widget-container\">\n\t\t\t\t\t\r\n<section class=\"feature_all fe_box\">\r\n   <div class=\"feature_all_inner clearfix\">\r\n      <div class=\"row\">\r\n         <div  class=\"col-lg-12\">\r\n            <div class=\"simple_text\">\r\n               <h3>ESTAMOS \u00c0 SUA DISPOSI\u00c7\u00c3O!<\/h3>\r\n            <\/div>\r\n         <\/div>\r\n      <\/div>\r\n            <div class=\"feature_inner type_three\">\r\n               <span class=\"icon iconmoo icon-time-call\">   <\/span>\r\n                           <h2><a href=\"\">Fale Conosco<\/a><\/h2>\r\n                           <p>Robson Soares Campelo<br>\n31 99879-1803<\/p>\r\n                        <\/div>\r\n            <div class=\"feature_inner type_three\">\r\n               <span class=\"icon iconmoo icon-email\">   <\/span>\r\n                           <h2><a href=\"\">Envie uma Mensagem<\/a><\/h2>\r\n                           <p>contato@rsmeioambiente.com.br<\/p>\r\n                        <\/div>\r\n            <div class=\"feature_inner type_three\">\r\n               <span class=\"icon iconmoo icon-time-and-date\">   <\/span>\r\n                           <h2><a href=\"\">Atendimento Comercial<\/a><\/h2>\r\n                           <p>SEG a SEX: 8h \u00e0s 18h<br>\nSAB:  8h \u00e0s 12h<\/p>\r\n                        <\/div>\r\n         <\/div>\r\n<\/section>\r\n     \r\n\r\n\t\t\t\t<\/div>\n\t\t\t\t<\/div>\n\t\t\t\t\t<\/div>\n\t\t<\/div>\n\t\t\t\t\t<\/div>\n\t\t<\/section>\n\t\t\t\t<section class=\"elementor-section elementor-top-section elementor-element elementor-element-eda2c82 elementor-section-boxed elementor-section-height-default elementor-section-height-default\" data-id=\"eda2c82\" data-element_type=\"section\" data-e-type=\"section\">\n\t\t\t\t\t\t<div class=\"elementor-container elementor-column-gap-no\">\n\t\t\t\t\t<div class=\"elementor-column elementor-col-50 elementor-top-column elementor-element elementor-element-63616ee\" data-id=\"63616ee\" data-element_type=\"column\" data-e-type=\"column\">\n\t\t\t<div class=\"elementor-widget-wrap elementor-element-populated\">\n\t\t\t\t\t\t<div class=\"elementor-element elementor-element-bd03ba6 elementor-widget elementor-widget-shortcode\" data-id=\"bd03ba6\" data-element_type=\"widget\" data-e-type=\"widget\" data-widget_type=\"shortcode.default\">\n\t\t\t\t<div class=\"elementor-widget-container\">\n\t\t\t\t\t\t\t<div class=\"elementor-shortcode\">\n<div class=\"wpcf7 no-js\" id=\"wpcf7-f140-o1\" lang=\"en-US\" dir=\"ltr\" data-wpcf7-id=\"140\">\n<div class=\"screen-reader-response\"><p role=\"status\" aria-live=\"polite\" aria-atomic=\"true\"><\/p> <ul><\/ul><\/div>\n<form action=\"\/index.php?rest_route=%2Fwp%2Fv2%2Fpages%2F98#wpcf7-f140-o1\" method=\"post\" class=\"wpcf7-form init\" aria-label=\"Contact form\" novalidate=\"novalidate\" data-status=\"init\">\n<fieldset class=\"hidden-fields-container\"><input type=\"hidden\" name=\"_wpcf7\" value=\"140\" \/><input type=\"hidden\" name=\"_wpcf7_version\" value=\"6.1.5\" \/><input type=\"hidden\" name=\"_wpcf7_locale\" value=\"en_US\" \/><input type=\"hidden\" name=\"_wpcf7_unit_tag\" value=\"wpcf7-f140-o1\" \/><input type=\"hidden\" name=\"_wpcf7_container_post\" value=\"0\" \/><input type=\"hidden\" name=\"_wpcf7_posted_data_hash\" value=\"\" \/>\n<\/fieldset>\n<div class=\"form_contact\">\n\t<div class=\"row\">\n\t\t<div class=\"col-lg-6 col-md-6 col-sm-12\">\n\t\t\t<div class=\"form-group\">\n\t\t\t\t<p><span class=\"wpcf7-form-control-wrap\" data-name=\"your-name\"><input size=\"40\" maxlength=\"400\" class=\"wpcf7-form-control wpcf7-text wpcf7-validates-as-required\" aria-required=\"true\" aria-invalid=\"false\" placeholder=\"Nome Completo\" value=\"\" type=\"text\" name=\"your-name\" \/><\/span>\n\t\t\t\t<\/p>\n\t\t\t<\/div>\n\t\t<\/div>\n\t\t<div class=\"col-lg-6 col-md-6 col-sm-12\">\n\t\t\t<div class=\"form-group\">\n\t\t\t\t<p><span class=\"wpcf7-form-control-wrap\" data-name=\"your-email\"><input size=\"40\" maxlength=\"400\" class=\"wpcf7-form-control wpcf7-email wpcf7-validates-as-required wpcf7-text wpcf7-validates-as-email\" aria-required=\"true\" aria-invalid=\"false\" placeholder=\"E-mail\" value=\"\" type=\"email\" name=\"your-email\" \/><\/span>\n\t\t\t\t<\/p>\n\t\t\t<\/div>\n\t\t<\/div>\n\t\t<div class=\"col-lg-6 col-md-6 col-sm-12\">\n\t\t\t<div class=\"form-group\">\n\t\t\t\t<p><span class=\"wpcf7-form-control-wrap\" data-name=\"your-number\"><input size=\"40\" maxlength=\"400\" class=\"wpcf7-form-control wpcf7-tel wpcf7-text wpcf7-validates-as-tel\" aria-invalid=\"false\" placeholder=\"Fone\" value=\"\" type=\"tel\" name=\"your-number\" \/><\/span>\n\t\t\t\t<\/p>\n\t\t\t<\/div>\n\t\t<\/div>\n\t\t<div class=\"col-lg-6 col-md-6 col-sm-12\">\n\t\t\t<div class=\"form-group\">\n\t\t\t\t<p><span class=\"wpcf7-form-control-wrap\" data-name=\"your-service\"><select class=\"wpcf7-form-control wpcf7-select wpcf7-validates-as-required\" id=\"service\" aria-required=\"true\" aria-invalid=\"false\" name=\"your-service\"><option value=\"Qual Servi\u00e7o Deseja?\">Qual Servi\u00e7o Deseja?<\/option><option value=\"Projetos\">Projetos<\/option><option value=\"Supress\u00e3o\">Supress\u00e3o<\/option><option value=\"Mudas Nativas\">Mudas Nativas<\/option><option value=\"Licenciamento\">Licenciamento<\/option><option value=\"Monitoramento\">Monitoramento<\/option><option value=\"Paisagismo e Gramados\">Paisagismo e Gramados<\/option><option value=\"Outros\">Outros<\/option><\/select><\/span>\n\t\t\t\t<\/p>\n\t\t\t<\/div>\n\t\t<\/div>\n\t\t<div class=\"col-lg-6 col-md-6 col-sm-12\">\n\t\t\t<div class=\"form-group\">\n\t\t\t\t<p><span class=\"wpcf7-form-control-wrap\" data-name=\"your-address\"><input size=\"40\" maxlength=\"400\" class=\"wpcf7-form-control wpcf7-text wpcf7-validates-as-required\" aria-required=\"true\" aria-invalid=\"false\" placeholder=\"Endere\u00e7o\" value=\"\" type=\"text\" name=\"your-address\" \/><\/span>\n\t\t\t\t<\/p>\n\t\t\t<\/div>\n\t\t<\/div>\n\t\t<div class=\"col-lg-6 col-md-6 col-sm-12\">\n\t\t\t<div class=\"form-group\">\n\t\t\t\t<p><span class=\"wpcf7-form-control-wrap\" data-name=\"your-zip\"><input size=\"40\" maxlength=\"400\" class=\"wpcf7-form-control wpcf7-text wpcf7-validates-as-required\" aria-required=\"true\" aria-invalid=\"false\" placeholder=\"CEP\" value=\"\" type=\"text\" name=\"your-zip\" \/><\/span>\n\t\t\t\t<\/p>\n\t\t\t<\/div>\n\t\t<\/div>\n\t\t<div class=\"col-lg-12 col-md-12 col-sm-12\">\n\t\t\t<div class=\"form-group\">\n\t\t\t\t<p><span class=\"wpcf7-form-control-wrap\" data-name=\"your-message\"><textarea cols=\"40\" rows=\"10\" maxlength=\"2000\" class=\"wpcf7-form-control wpcf7-textarea wpcf7-validates-as-required\" aria-required=\"true\" aria-invalid=\"false\" placeholder=\"Informa\u00e7\u00f5es Adicionais\" name=\"your-message\"><\/textarea><\/span>\n\t\t\t\t<\/p>\n\t\t\t<\/div>\n\t\t<\/div>\n\t\t<div class=\"col-lg-4 col-md-6 col-sm-12\">\n\t\t\t<div class=\"form-group mg_top apbtn\">\n\t\t\t\t<p><input class=\"wpcf7-form-control wpcf7-submit has-spinner theme_btn\" type=\"submit\" value=\"Enviar\" \/>\n\t\t\t\t<\/p>\n\t\t\t<\/div>\n\t\t<\/div>\n\t<\/div>\n<\/div><div class=\"wpcf7-response-output\" aria-hidden=\"true\"><\/div>\n<\/form>\n<\/div>\n<\/div>\n\t\t\t\t\t\t<\/div>\n\t\t\t\t<\/div>\n\t\t\t\t\t<\/div>\n\t\t<\/div>\n\t\t\t\t<div class=\"elementor-column elementor-col-50 elementor-top-column elementor-element elementor-element-996d9a8\" data-id=\"996d9a8\" data-element_type=\"column\" data-e-type=\"column\">\n\t\t\t<div class=\"elementor-widget-wrap elementor-element-populated\">\n\t\t\t\t\t\t<div class=\"elementor-element elementor-element-8cef455 elementor-widget elementor-widget-image\" data-id=\"8cef455\" data-element_type=\"widget\" data-e-type=\"widget\" data-widget_type=\"image.default\">\n\t\t\t\t<div class=\"elementor-widget-container\">\n\t\t\t\t\t\t\t\t\t\t\t\t\t\t\t<img fetchpriority=\"high\" decoding=\"async\" width=\"350\" height=\"600\" src=\"https:\/\/rsmeioambiente.com.br\/wp-content\/uploads\/2022\/09\/contact-form-inner-bg.png\" class=\"attachment-large size-large wp-image-3050\" alt=\"\" srcset=\"https:\/\/rsmeioambiente.com.br\/wp-content\/uploads\/2022\/09\/contact-form-inner-bg.png 350w, https:\/\/rsmeioambiente.com.br\/wp-content\/uploads\/2022\/09\/contact-form-inner-bg-175x300.png 175w\" sizes=\"(max-width: 350px) 100vw, 350px\" \/>\t\t\t\t\t\t\t\t\t\t\t\t\t\t\t<\/div>\n\t\t\t\t<\/div>\n\t\t\t\t\t<\/div>\n\t\t<\/div>\n\t\t\t\t\t<\/div>\n\t\t<\/section>\n\t\t\t\t<section class=\"elementor-section elementor-top-section elementor-element elementor-element-da50b1b elementor-section-full_width elementor-section-height-default elementor-section-height-default\" data-id=\"da50b1b\" data-element_type=\"section\" data-e-type=\"section\">\n\t\t\t\t\t\t<div class=\"elementor-container elementor-column-gap-no\">\n\t\t\t\t\t<div class=\"elementor-column elementor-col-100 elementor-top-column elementor-element elementor-element-394baab\" data-id=\"394baab\" data-element_type=\"column\" data-e-type=\"column\">\n\t\t\t<div class=\"elementor-widget-wrap elementor-element-populated\">\n\t\t\t\t\t\t<div class=\"elementor-element elementor-element-527a296 elementor-widget elementor-widget-google_maps\" data-id=\"527a296\" data-element_type=\"widget\" data-e-type=\"widget\" data-widget_type=\"google_maps.default\">\n\t\t\t\t<div class=\"elementor-widget-container\">\n\t\t\t\t\t\t\t<div class=\"elementor-custom-embed\">\n\t\t\t<iframe loading=\"lazy\"\n\t\t\t\t\tsrc=\"https:\/\/maps.google.com\/maps?q=Sete%20Lagoas%2C%20Minas%20Gerais&#038;t=m&#038;z=10&#038;output=embed&#038;iwloc=near\"\n\t\t\t\t\ttitle=\"Sete Lagoas, Minas Gerais\"\n\t\t\t\t\taria-label=\"Sete Lagoas, Minas Gerais\"\n\t\t\t><\/iframe>\n\t\t<\/div>\n\t\t\t\t\t\t<\/div>\n\t\t\t\t<\/div>\n\t\t\t\t\t<\/div>\n\t\t<\/div>\n\t\t\t\t\t<\/div>\n\t\t<\/section>\n\t\t\t\t<\/div>\n\t\t","protected":false},"excerpt":{"rendered":"<p>ESTAMOS \u00c0 SUA DISPOSI\u00c7\u00c3O! Fale Conosco Robson Soares Campelo 31 99879-1803 Envie uma Mensagem contato@rsmeioambiente.com.br Atendimento Comercial SEG a SEX: 8h \u00e0s 18h SAB: 8h \u00e0s 12h<\/p>\n","protected":false},"author":1,"featured_media":0,"parent":0,"menu_order":0,"comment_status":"closed","ping_status":"closed","template":"template-fullwidth.php","meta":{"footnotes":""},"class_list":["post-98","page","type-page","status-publish","hentry"],"_links":{"self":[{"href":"https:\/\/rsmeioambiente.com.br\/index.php?rest_route=\/wp\/v2\/pages\/98","targetHints":{"allow":["GET"]}}],"collection":[{"href":"https:\/\/rsmeioambiente.com.br\/index.php?rest_route=\/wp\/v2\/pages"}],"about":[{"href":"https:\/\/rsmeioambiente.com.br\/index.php?rest_route=\/wp\/v2\/types\/page"}],"author":[{"embeddable":true,"href":"https:\/\/rsmeioambiente.com.br\/index.php?rest_route=\/wp\/v2\/users\/1"}],"replies":[{"embeddable":true,"href":"https:\/\/rsmeioambiente.com.br\/index.php?rest_route=%2Fwp%2Fv2%2Fcomments&post=98"}],"version-history":[{"count":50,"href":"https:\/\/rsmeioambiente.com.br\/index.php?rest_route=\/wp\/v2\/pages\/98\/revisions"}],"predecessor-version":[{"id":3361,"href":"https:\/\/rsmeioambiente.com.br\/index.php?rest_route=\/wp\/v2\/pages\/98\/revisions\/3361"}],"wp:attachment":[{"href":"https:\/\/rsmeioambiente.com.br\/index.php?rest_route=%2Fwp%2Fv2%2Fmedia&parent=98"}],"curies":[{"name":"wp","href":"https:\/\/api.w.org\/{rel}","templated":true}]}}